{"id":1292,"date":"2025-03-28T17:39:34","date_gmt":"2025-03-28T17:39:34","guid":{"rendered":"https:\/\/academy.isq.pt\/?page_id=1292"},"modified":"2025-12-17T16:48:22","modified_gmt":"2025-12-17T16:48:22","slug":"recrutamentoold","status":"publish","type":"page","link":"https:\/\/academy.isq.pt\/en_gb\/recrutamentoold\/","title":{"rendered":"Recruitment"},"content":{"rendered":"<div data-elementor-type=\"wp-page\" data-elementor-id=\"1292\" class=\"elementor elementor-1292\" data-elementor-post-type=\"page\">\n\t\t\t\t<div class=\"has_ae_slider elementor-element elementor-element-68a97d0 e-flex e-con-boxed ae-bg-gallery-type-default e-con e-parent\" data-id=\"68a97d0\" data-element_type=\"container\" data-settings=\"{&quot;background_background&quot;:&quot;classic&quot;,&quot;ekit_has_onepagescroll_dot&quot;:&quot;yes&quot;}\">\n\t\t\t\t\t<div class=\"e-con-inner\">\n\t\t<div class=\"has_ae_slider elementor-element elementor-element-b02ebba e-con-full e-flex ae-bg-gallery-type-default e-con e-child\" data-id=\"b02ebba\" data-element_type=\"container\" data-settings=\"{&quot;ekit_has_onepagescroll_dot&quot;:&quot;yes&quot;}\">\n\t\t\t\t<div class=\"elementor-element elementor-element-ac5724e elementor-widget elementor-widget-spacer\" data-id=\"ac5724e\" data-element_type=\"widget\" data-settings=\"{&quot;ekit_we_effect_on&quot;:&quot;none&quot;}\" data-widget_type=\"spacer.default\">\n\t\t\t\t<div class=\"elementor-widget-container\">\n\t\t\t\t\t\t\t<div class=\"elementor-spacer\">\n\t\t\t<div class=\"elementor-spacer-inner\"><\/div>\n\t\t<\/div>\n\t\t\t\t\t\t<\/div>\n\t\t\t\t<\/div>\n\t\t\t\t<div class=\"elementor-element elementor-element-1ef6100 elementor-invisible elementor-widget elementor-widget-heading\" data-id=\"1ef6100\" data-element_type=\"widget\" data-settings=\"{&quot;_animation&quot;:&quot;fadeInUp&quot;,&quot;ekit_we_effect_on&quot;:&quot;none&quot;}\" data-widget_type=\"heading.default\">\n\t\t\t\t<div class=\"elementor-widget-container\">\n\t\t\t\t\t<h1 class=\"elementor-heading-title elementor-size-default\">Recruitment<\/h1>\t\t\t\t<\/div>\n\t\t\t\t<\/div>\n\t\t\t\t<\/div>\n\t\t\t\t\t<\/div>\n\t\t\t\t<\/div>\n\t\t<div class=\"has_ae_slider elementor-element elementor-element-5f86f003 e-flex e-con-boxed ae-bg-gallery-type-default e-con e-parent\" data-id=\"5f86f003\" data-element_type=\"container\" data-settings=\"{&quot;ekit_has_onepagescroll_dot&quot;:&quot;yes&quot;}\">\n\t\t\t\t\t<div class=\"e-con-inner\">\n\t\t<div class=\"has_ae_slider elementor-element elementor-element-6d792ad1 e-con-full e-flex ae-bg-gallery-type-default e-con e-child\" data-id=\"6d792ad1\" data-element_type=\"container\" data-settings=\"{&quot;ekit_has_onepagescroll_dot&quot;:&quot;yes&quot;}\">\n\t\t\t\t<div class=\"elementor-element elementor-element-7ff39ae5 elementor-widget elementor-widget-heading\" data-id=\"7ff39ae5\" data-element_type=\"widget\" data-settings=\"{&quot;ekit_we_effect_on&quot;:&quot;none&quot;}\" data-widget_type=\"heading.default\">\n\t\t\t\t<div class=\"elementor-widget-container\">\n\t\t\t\t\t<h2 class=\"elementor-heading-title elementor-size-default\">Junte-se \u00e0 ISQ Academy e transforme o seu futuro!<\/h2>\t\t\t\t<\/div>\n\t\t\t\t<\/div>\n\t\t\t\t<div class=\"elementor-element elementor-element-4f4d5ca8 elementor-widget elementor-widget-image\" data-id=\"4f4d5ca8\" data-element_type=\"widget\" data-settings=\"{&quot;ekit_we_effect_on&quot;:&quot;none&quot;}\" data-widget_type=\"image.default\">\n\t\t\t\t<div class=\"elementor-widget-container\">\n\t\t\t\t\t\t\t\t\t\t\t\t\t\t\t<img fetchpriority=\"high\" decoding=\"async\" width=\"2560\" height=\"1709\" src=\"https:\/\/academy.isq.pt\/wp-content\/uploads\/2025\/03\/group-young-people-business-meeting-scaled.jpg\" class=\"attachment-full size-full wp-image-124\" alt=\"\" srcset=\"https:\/\/academy.isq.pt\/wp-content\/uploads\/2025\/03\/group-young-people-business-meeting-scaled.jpg 2560w, https:\/\/academy.isq.pt\/wp-content\/uploads\/2025\/03\/group-young-people-business-meeting-scaled-600x401.jpg 600w, https:\/\/academy.isq.pt\/wp-content\/uploads\/2025\/03\/group-young-people-business-meeting-300x200.jpg 300w, https:\/\/academy.isq.pt\/wp-content\/uploads\/2025\/03\/group-young-people-business-meeting-1024x683.jpg 1024w, https:\/\/academy.isq.pt\/wp-content\/uploads\/2025\/03\/group-young-people-business-meeting-768x513.jpg 768w, https:\/\/academy.isq.pt\/wp-content\/uploads\/2025\/03\/group-young-people-business-meeting-1536x1025.jpg 1536w, https:\/\/academy.isq.pt\/wp-content\/uploads\/2025\/03\/group-young-people-business-meeting-2048x1367.jpg 2048w\" sizes=\"(max-width: 2560px) 100vw, 2560px\" \/>\t\t\t\t\t\t\t\t\t\t\t\t\t\t\t<\/div>\n\t\t\t\t<\/div>\n\t\t\t\t<div class=\"elementor-element elementor-element-46ac59c elementor-widget elementor-widget-text-editor\" data-id=\"46ac59c\" data-element_type=\"widget\" data-settings=\"{&quot;ekit_we_effect_on&quot;:&quot;none&quot;}\" data-widget_type=\"text-editor.default\">\n\t\t\t\t<div class=\"elementor-widget-container\">\n\t\t\t\t\t\t\t\t\t<p data-pm-slice=\"1 1 []\">A <strong>ISQ Academy<\/strong> est\u00e1 \u00e0 procura de talentos apaixonados pela forma\u00e7\u00e3o e desenvolvimento profissional! Se tens motiva\u00e7\u00e3o, vontade de crescer e procuras uma oportunidade num ambiente din\u00e2mico e inovador, esta \u00e9 a tua chance.<\/p>\t\t\t\t\t\t\t\t<\/div>\n\t\t\t\t<\/div>\n\t\t\t\t<div class=\"elementor-element elementor-element-1840d91b elementor-widget elementor-widget-heading\" data-id=\"1840d91b\" data-element_type=\"widget\" data-settings=\"{&quot;ekit_we_effect_on&quot;:&quot;none&quot;}\" data-widget_type=\"heading.default\">\n\t\t\t\t<div class=\"elementor-widget-container\">\n\t\t\t\t\t<h3 class=\"elementor-heading-title elementor-size-default\">O  que procuramos?<\/h3>\t\t\t\t<\/div>\n\t\t\t\t<\/div>\n\t\t\t\t<div class=\"elementor-element elementor-element-4270bd54 elementor-icon-list--layout-traditional elementor-list-item-link-full_width elementor-widget elementor-widget-icon-list\" data-id=\"4270bd54\" data-element_type=\"widget\" data-settings=\"{&quot;ekit_we_effect_on&quot;:&quot;none&quot;}\" data-widget_type=\"icon-list.default\">\n\t\t\t\t<div class=\"elementor-widget-container\">\n\t\t\t\t\t\t\t<ul class=\"elementor-icon-list-items\">\n\t\t\t\t\t\t\t<li class=\"elementor-icon-list-item\">\n\t\t\t\t\t\t\t\t\t\t\t<span class=\"elementor-icon-list-icon\">\n\t\t\t\t\t\t\t<i aria-hidden=\"true\" class=\"icon icon-right-arrow1\"><\/i>\t\t\t\t\t\t<\/span>\n\t\t\t\t\t\t\t\t\t\t<span class=\"elementor-icon-list-text\">Profissionais din\u00e2micos e motivados<\/span>\n\t\t\t\t\t\t\t\t\t<\/li>\n\t\t\t\t\t\t\t\t<li class=\"elementor-icon-list-item\">\n\t\t\t\t\t\t\t\t\t\t\t<span class=\"elementor-icon-list-icon\">\n\t\t\t\t\t\t\t<i aria-hidden=\"true\" class=\"icon icon-right-arrow1\"><\/i>\t\t\t\t\t\t<\/span>\n\t\t\t\t\t\t\t\t\t\t<span class=\"elementor-icon-list-text\">Especialistas em diversas \u00e1reas de forma\u00e7\u00e3o<\/span>\n\t\t\t\t\t\t\t\t\t<\/li>\n\t\t\t\t\t\t\t\t<li class=\"elementor-icon-list-item\">\n\t\t\t\t\t\t\t\t\t\t\t<span class=\"elementor-icon-list-icon\">\n\t\t\t\t\t\t\t<i aria-hidden=\"true\" class=\"icon icon-right-arrow1\"><\/i>\t\t\t\t\t\t<\/span>\n\t\t\t\t\t\t\t\t\t\t<span class=\"elementor-icon-list-text\">Gosto pela transmiss\u00e3o de conhecimento<\/span>\n\t\t\t\t\t\t\t\t\t<\/li>\n\t\t\t\t\t\t\t\t<li class=\"elementor-icon-list-item\">\n\t\t\t\t\t\t\t\t\t\t\t<span class=\"elementor-icon-list-icon\">\n\t\t\t\t\t\t\t<i aria-hidden=\"true\" class=\"icon icon-right-arrow1\"><\/i>\t\t\t\t\t\t<\/span>\n\t\t\t\t\t\t\t\t\t\t<span class=\"elementor-icon-list-text\">Capacidade de adapta\u00e7\u00e3o a novas metodologias de ensino<\/span>\n\t\t\t\t\t\t\t\t\t<\/li>\n\t\t\t\t\t\t<\/ul>\n\t\t\t\t\t\t<\/div>\n\t\t\t\t<\/div>\n\t\t\t\t<div class=\"elementor-element elementor-element-4fb5a913 elementor-widget elementor-widget-heading\" data-id=\"4fb5a913\" data-element_type=\"widget\" data-settings=\"{&quot;ekit_we_effect_on&quot;:&quot;none&quot;}\" data-widget_type=\"heading.default\">\n\t\t\t\t<div class=\"elementor-widget-container\">\n\t\t\t\t\t<h3 class=\"elementor-heading-title elementor-size-default\">O que oferecemos?<\/h3>\t\t\t\t<\/div>\n\t\t\t\t<\/div>\n\t\t\t\t<div class=\"elementor-element elementor-element-7f016f3 elementor-icon-list--layout-traditional elementor-list-item-link-full_width elementor-widget elementor-widget-icon-list\" data-id=\"7f016f3\" data-element_type=\"widget\" data-settings=\"{&quot;ekit_we_effect_on&quot;:&quot;none&quot;}\" data-widget_type=\"icon-list.default\">\n\t\t\t\t<div class=\"elementor-widget-container\">\n\t\t\t\t\t\t\t<ul class=\"elementor-icon-list-items\">\n\t\t\t\t\t\t\t<li class=\"elementor-icon-list-item\">\n\t\t\t\t\t\t\t\t\t\t\t<span class=\"elementor-icon-list-icon\">\n\t\t\t\t\t\t\t<i aria-hidden=\"true\" class=\"icon icon-right-arrow1\"><\/i>\t\t\t\t\t\t<\/span>\n\t\t\t\t\t\t\t\t\t\t<span class=\"elementor-icon-list-text\">Integra\u00e7\u00e3o numa equipa experiente e inovadora<\/span>\n\t\t\t\t\t\t\t\t\t<\/li>\n\t\t\t\t\t\t\t\t<li class=\"elementor-icon-list-item\">\n\t\t\t\t\t\t\t\t\t\t\t<span class=\"elementor-icon-list-icon\">\n\t\t\t\t\t\t\t<i aria-hidden=\"true\" class=\"icon icon-right-arrow1\"><\/i>\t\t\t\t\t\t<\/span>\n\t\t\t\t\t\t\t\t\t\t<span class=\"elementor-icon-list-text\">Oportunidades de desenvolvimento e progress\u00e3o na carreira<\/span>\n\t\t\t\t\t\t\t\t\t<\/li>\n\t\t\t\t\t\t\t\t<li class=\"elementor-icon-list-item\">\n\t\t\t\t\t\t\t\t\t\t\t<span class=\"elementor-icon-list-icon\">\n\t\t\t\t\t\t\t<i aria-hidden=\"true\" class=\"icon icon-right-arrow1\"><\/i>\t\t\t\t\t\t<\/span>\n\t\t\t\t\t\t\t\t\t\t<span class=\"elementor-icon-list-text\">Acesso a ferramentas e metodologias de forma\u00e7\u00e3o de excel\u00eancia<\/span>\n\t\t\t\t\t\t\t\t\t<\/li>\n\t\t\t\t\t\t\t\t<li class=\"elementor-icon-list-item\">\n\t\t\t\t\t\t\t\t\t\t\t<span class=\"elementor-icon-list-icon\">\n\t\t\t\t\t\t\t<i aria-hidden=\"true\" class=\"icon icon-right-arrow1\"><\/i>\t\t\t\t\t\t<\/span>\n\t\t\t\t\t\t\t\t\t\t<span class=\"elementor-icon-list-text\">Ambiente de trabalho din\u00e2mico e colaborativo<\/span>\n\t\t\t\t\t\t\t\t\t<\/li>\n\t\t\t\t\t\t<\/ul>\n\t\t\t\t\t\t<\/div>\n\t\t\t\t<\/div>\n\t\t\t\t<div class=\"elementor-element elementor-element-7dbc0e0a elementor-widget elementor-widget-text-editor\" data-id=\"7dbc0e0a\" data-element_type=\"widget\" data-settings=\"{&quot;ekit_we_effect_on&quot;:&quot;none&quot;}\" data-widget_type=\"text-editor.default\">\n\t\t\t\t<div class=\"elementor-widget-container\">\n\t\t\t\t\t\t\t\t\t<p data-pm-slice=\"1 1 []\">Se queres fazer parte de uma equipa que impacta o futuro de profissionais e empresas, preenche o formul\u00e1rio de recrutamento e vem crescer connosco!<\/p><p><strong>ISQ Academy \u2013 O teu futuro come\u00e7a aqui!<\/strong><\/p>\t\t\t\t\t\t\t\t<\/div>\n\t\t\t\t<\/div>\n\t\t\t\t<div class=\"elementor-element elementor-element-66e9f00 elementor-widget elementor-widget-button\" data-id=\"66e9f00\" data-element_type=\"widget\" data-settings=\"{&quot;ekit_we_effect_on&quot;:&quot;none&quot;}\" data-widget_type=\"button.default\">\n\t\t\t\t<div class=\"elementor-widget-container\">\n\t\t\t\t\t\t\t\t\t<div class=\"elementor-button-wrapper\">\n\t\t\t\t\t<a class=\"elementor-button elementor-button-link elementor-size-sm\" href=\"https:\/\/academy.isq.pt\/en_gb\/inscricaoutilizador.aspx\/?op=rf\">\n\t\t\t\t\t\t<span class=\"elementor-button-content-wrapper\">\n\t\t\t\t\t\t\t\t\t<span class=\"elementor-button-text\">Preencher<\/span>\n\t\t\t\t\t<\/span>\n\t\t\t\t\t<\/a>\n\t\t\t\t<\/div>\n\t\t\t\t\t\t\t\t<\/div>\n\t\t\t\t<\/div>\n\t\t\t\t<\/div>\n\t\t\t\t\t<\/div>\n\t\t\t\t<\/div>\n\t\t\t\t<\/div>","protected":false},"excerpt":{"rendered":"<p>Recrutamento Junte-se \u00e0 ISQ Academy e transforme o seu futuro! A ISQ Academy est\u00e1 \u00e0 procura de talentos apaixonados pela forma\u00e7\u00e3o e desenvolvimento profissional! Se tens motiva\u00e7\u00e3o, vontade de crescer e procuras uma oportunidade num ambiente din\u00e2mico e inovador, esta \u00e9 a tua chance. O que procuramos? Profissionais din\u00e2micos e motivados Especialistas em diversas \u00e1reas [&hellip;]<\/p>","protected":false},"author":8,"featured_media":0,"parent":0,"menu_order":0,"comment_status":"closed","ping_status":"closed","template":"","meta":{"_acf_changed":false,"footnotes":""},"class_list":["post-1292","page","type-page","status-publish","hentry"],"acf":[],"yoast_head":"<!-- This site is optimized with the Yoast SEO Premium plugin v25.8 (Yoast SEO v25.8) - https:\/\/yoast.com\/wordpress\/plugins\/seo\/ -->\n<title>Recrutamento - ISQ Academy<\/title>\n<meta name=\"robots\" content=\"index, follow, max-snippet:-1, max-image-preview:large, max-video-preview:-1\" \/>\n<link rel=\"canonical\" href=\"https:\/\/academy.isq.pt\/en_gb\/recrutamentoold\/\" \/>\n<meta property=\"og:locale\" content=\"en_GB\" \/>\n<meta property=\"og:type\" content=\"article\" \/>\n<meta property=\"og:title\" content=\"Recrutamento\" \/>\n<meta property=\"og:description\" content=\"Recrutamento Junte-se \u00e0 ISQ Academy e transforme o seu futuro! A ISQ Academy est\u00e1 \u00e0 procura de talentos apaixonados pela forma\u00e7\u00e3o e desenvolvimento profissional! Se tens motiva\u00e7\u00e3o, vontade de crescer e procuras uma oportunidade num ambiente din\u00e2mico e inovador, esta \u00e9 a tua chance. O que procuramos? Profissionais din\u00e2micos e motivados Especialistas em diversas \u00e1reas [&hellip;]\" \/>\n<meta property=\"og:url\" content=\"https:\/\/academy.isq.pt\/en_gb\/recrutamentoold\/\" \/>\n<meta property=\"og:site_name\" content=\"ISQ Academy\" \/>\n<meta property=\"article:modified_time\" content=\"2025-12-17T16:48:22+00:00\" \/>\n<meta property=\"og:image\" content=\"https:\/\/academy.isq.pt\/wp-content\/uploads\/2025\/03\/group-young-people-business-meeting-scaled.jpg\" \/>\n<meta name=\"twitter:card\" content=\"summary_large_image\" \/>\n<script type=\"application\/ld+json\" class=\"yoast-schema-graph\">{\"@context\":\"https:\/\/schema.org\",\"@graph\":[{\"@type\":\"WebPage\",\"@id\":\"https:\/\/academy.isq.pt\/recrutamentoold\/\",\"url\":\"https:\/\/academy.isq.pt\/recrutamentoold\/\",\"name\":\"Recrutamento - ISQ Academy\",\"isPartOf\":{\"@id\":\"https:\/\/academy.isq.pt\/#website\"},\"primaryImageOfPage\":{\"@id\":\"https:\/\/academy.isq.pt\/recrutamentoold\/#primaryimage\"},\"image\":{\"@id\":\"https:\/\/academy.isq.pt\/recrutamentoold\/#primaryimage\"},\"thumbnailUrl\":\"https:\/\/academy.isq.pt\/wp-content\/uploads\/2025\/03\/group-young-people-business-meeting-scaled.jpg\",\"datePublished\":\"2025-03-28T17:39:34+00:00\",\"dateModified\":\"2025-12-17T16:48:22+00:00\",\"breadcrumb\":{\"@id\":\"https:\/\/academy.isq.pt\/recrutamentoold\/#breadcrumb\"},\"inLanguage\":\"en-GB\",\"potentialAction\":[{\"@type\":\"ReadAction\",\"target\":[\"https:\/\/academy.isq.pt\/recrutamentoold\/\"]}]},{\"@type\":\"ImageObject\",\"inLanguage\":\"en-GB\",\"@id\":\"https:\/\/academy.isq.pt\/recrutamentoold\/#primaryimage\",\"url\":\"https:\/\/academy.isq.pt\/wp-content\/uploads\/2025\/03\/group-young-people-business-meeting-scaled.jpg\",\"contentUrl\":\"https:\/\/academy.isq.pt\/wp-content\/uploads\/2025\/03\/group-young-people-business-meeting-scaled.jpg\"},{\"@type\":\"BreadcrumbList\",\"@id\":\"https:\/\/academy.isq.pt\/recrutamentoold\/#breadcrumb\",\"itemListElement\":[{\"@type\":\"ListItem\",\"position\":1,\"name\":\"Home\",\"item\":\"https:\/\/academy.isq.pt\/\"},{\"@type\":\"ListItem\",\"position\":2,\"name\":\"Recrutamento\"}]},{\"@type\":\"WebSite\",\"@id\":\"https:\/\/academy.isq.pt\/#website\",\"url\":\"https:\/\/academy.isq.pt\/\",\"name\":\"ISQ Academy\",\"description\":\"A Sua Academia para a Tecnologia e para as Pessoas.\",\"publisher\":{\"@id\":\"https:\/\/academy.isq.pt\/#organization\"},\"potentialAction\":[{\"@type\":\"SearchAction\",\"target\":{\"@type\":\"EntryPoint\",\"urlTemplate\":\"https:\/\/academy.isq.pt\/?s={search_term_string}\"},\"query-input\":{\"@type\":\"PropertyValueSpecification\",\"valueRequired\":true,\"valueName\":\"search_term_string\"}}],\"inLanguage\":\"en-GB\"},{\"@type\":\"Organization\",\"@id\":\"https:\/\/academy.isq.pt\/#organization\",\"name\":\"ISQ Academy\",\"url\":\"https:\/\/academy.isq.pt\/\",\"logo\":{\"@type\":\"ImageObject\",\"inLanguage\":\"en-GB\",\"@id\":\"https:\/\/academy.isq.pt\/#\/schema\/logo\/image\/\",\"url\":\"https:\/\/academy.isq.pt\/wp-content\/uploads\/2025\/03\/isqlogo.svg\",\"contentUrl\":\"https:\/\/academy.isq.pt\/wp-content\/uploads\/2025\/03\/isqlogo.svg\",\"width\":800,\"height\":800,\"caption\":\"ISQ Academy\"},\"image\":{\"@id\":\"https:\/\/academy.isq.pt\/#\/schema\/logo\/image\/\"}}]}<\/script>\n<!-- \/ Yoast SEO Premium plugin. -->","yoast_head_json":{"title":"Recrutamento - ISQ Academy","robots":{"index":"index","follow":"follow","max-snippet":"max-snippet:-1","max-image-preview":"max-image-preview:large","max-video-preview":"max-video-preview:-1"},"canonical":"https:\/\/academy.isq.pt\/en_gb\/recrutamentoold\/","og_locale":"en_GB","og_type":"article","og_title":"Recrutamento","og_description":"Recrutamento Junte-se \u00e0 ISQ Academy e transforme o seu futuro! A ISQ Academy est\u00e1 \u00e0 procura de talentos apaixonados pela forma\u00e7\u00e3o e desenvolvimento profissional! Se tens motiva\u00e7\u00e3o, vontade de crescer e procuras uma oportunidade num ambiente din\u00e2mico e inovador, esta \u00e9 a tua chance. O que procuramos? Profissionais din\u00e2micos e motivados Especialistas em diversas \u00e1reas [&hellip;]","og_url":"https:\/\/academy.isq.pt\/en_gb\/recrutamentoold\/","og_site_name":"ISQ Academy","article_modified_time":"2025-12-17T16:48:22+00:00","og_image":[{"url":"https:\/\/academy.isq.pt\/wp-content\/uploads\/2025\/03\/group-young-people-business-meeting-scaled.jpg","type":"","width":"","height":""}],"twitter_card":"summary_large_image","schema":{"@context":"https:\/\/schema.org","@graph":[{"@type":"WebPage","@id":"https:\/\/academy.isq.pt\/recrutamentoold\/","url":"https:\/\/academy.isq.pt\/recrutamentoold\/","name":"Recrutamento - ISQ Academy","isPartOf":{"@id":"https:\/\/academy.isq.pt\/#website"},"primaryImageOfPage":{"@id":"https:\/\/academy.isq.pt\/recrutamentoold\/#primaryimage"},"image":{"@id":"https:\/\/academy.isq.pt\/recrutamentoold\/#primaryimage"},"thumbnailUrl":"https:\/\/academy.isq.pt\/wp-content\/uploads\/2025\/03\/group-young-people-business-meeting-scaled.jpg","datePublished":"2025-03-28T17:39:34+00:00","dateModified":"2025-12-17T16:48:22+00:00","breadcrumb":{"@id":"https:\/\/academy.isq.pt\/recrutamentoold\/#breadcrumb"},"inLanguage":"en-GB","potentialAction":[{"@type":"ReadAction","target":["https:\/\/academy.isq.pt\/recrutamentoold\/"]}]},{"@type":"ImageObject","inLanguage":"en-GB","@id":"https:\/\/academy.isq.pt\/recrutamentoold\/#primaryimage","url":"https:\/\/academy.isq.pt\/wp-content\/uploads\/2025\/03\/group-young-people-business-meeting-scaled.jpg","contentUrl":"https:\/\/academy.isq.pt\/wp-content\/uploads\/2025\/03\/group-young-people-business-meeting-scaled.jpg"},{"@type":"BreadcrumbList","@id":"https:\/\/academy.isq.pt\/recrutamentoold\/#breadcrumb","itemListElement":[{"@type":"ListItem","position":1,"name":"Home","item":"https:\/\/academy.isq.pt\/"},{"@type":"ListItem","position":2,"name":"Recrutamento"}]},{"@type":"WebSite","@id":"https:\/\/academy.isq.pt\/#website","url":"https:\/\/academy.isq.pt\/","name":"ISQ Academy","description":"A Sua Academia para a Tecnologia e para as Pessoas.","publisher":{"@id":"https:\/\/academy.isq.pt\/#organization"},"potentialAction":[{"@type":"SearchAction","target":{"@type":"EntryPoint","urlTemplate":"https:\/\/academy.isq.pt\/?s={search_term_string}"},"query-input":{"@type":"PropertyValueSpecification","valueRequired":true,"valueName":"search_term_string"}}],"inLanguage":"en-GB"},{"@type":"Organization","@id":"https:\/\/academy.isq.pt\/#organization","name":"ISQ Academy","url":"https:\/\/academy.isq.pt\/","logo":{"@type":"ImageObject","inLanguage":"en-GB","@id":"https:\/\/academy.isq.pt\/#\/schema\/logo\/image\/","url":"https:\/\/academy.isq.pt\/wp-content\/uploads\/2025\/03\/isqlogo.svg","contentUrl":"https:\/\/academy.isq.pt\/wp-content\/uploads\/2025\/03\/isqlogo.svg","width":800,"height":800,"caption":"ISQ Academy"},"image":{"@id":"https:\/\/academy.isq.pt\/#\/schema\/logo\/image\/"}}]}},"_links":{"self":[{"href":"https:\/\/academy.isq.pt\/en_gb\/wp-json\/wp\/v2\/pages\/1292","targetHints":{"allow":["GET"]}}],"collection":[{"href":"https:\/\/academy.isq.pt\/en_gb\/wp-json\/wp\/v2\/pages"}],"about":[{"href":"https:\/\/academy.isq.pt\/en_gb\/wp-json\/wp\/v2\/types\/page"}],"author":[{"embeddable":true,"href":"https:\/\/academy.isq.pt\/en_gb\/wp-json\/wp\/v2\/users\/8"}],"replies":[{"embeddable":true,"href":"https:\/\/academy.isq.pt\/en_gb\/wp-json\/wp\/v2\/comments?post=1292"}],"version-history":[{"count":20,"href":"https:\/\/academy.isq.pt\/en_gb\/wp-json\/wp\/v2\/pages\/1292\/revisions"}],"predecessor-version":[{"id":5863,"href":"https:\/\/academy.isq.pt\/en_gb\/wp-json\/wp\/v2\/pages\/1292\/revisions\/5863"}],"wp:attachment":[{"href":"https:\/\/academy.isq.pt\/en_gb\/wp-json\/wp\/v2\/media?parent=1292"}],"curies":[{"name":"wp","href":"https:\/\/api.w.org\/{rel}","templated":true}]}}