{"id":5944,"date":"2025-12-23T14:13:11","date_gmt":"2025-12-23T14:13:11","guid":{"rendered":"https:\/\/academy.isq.pt\/?page_id=5944"},"modified":"2025-12-23T14:26:28","modified_gmt":"2025-12-23T14:26:28","slug":"termos-de-uso","status":"publish","type":"page","link":"https:\/\/academy.isq.pt\/en_gb\/termos-de-uso\/","title":{"rendered":"Termos de Uso"},"content":{"rendered":"<div data-elementor-type=\"wp-page\" data-elementor-id=\"5944\" class=\"elementor elementor-5944\" data-elementor-post-type=\"page\">\n\t\t\t\t<div class=\"has_ae_slider elementor-element elementor-element-53e23b2 e-flex e-con-boxed ae-bg-gallery-type-default e-con e-parent\" data-id=\"53e23b2\" data-element_type=\"container\" data-settings=\"{&quot;background_background&quot;:&quot;classic&quot;,&quot;ekit_has_onepagescroll_dot&quot;:&quot;yes&quot;}\">\n\t\t\t\t\t<div class=\"e-con-inner\">\n\t\t<div class=\"has_ae_slider elementor-element elementor-element-5e590734 e-con-full e-flex ae-bg-gallery-type-default e-con e-child\" data-id=\"5e590734\" data-element_type=\"container\" data-settings=\"{&quot;ekit_has_onepagescroll_dot&quot;:&quot;yes&quot;}\">\n\t\t\t\t<div class=\"elementor-element elementor-element-272afb63 elementor-widget elementor-widget-heading\" data-id=\"272afb63\" data-element_type=\"widget\" data-settings=\"{&quot;ekit_we_effect_on&quot;:&quot;none&quot;}\" data-widget_type=\"heading.default\">\n\t\t\t\t<div class=\"elementor-widget-container\">\n\t\t\t\t\t<h1 class=\"elementor-heading-title elementor-size-default\">Termos de Uso<\/h1>\t\t\t\t<\/div>\n\t\t\t\t<\/div>\n\t\t\t\t<\/div>\n\t\t\t\t\t<\/div>\n\t\t\t\t<\/div>\n\t\t<div class=\"has_ae_slider elementor-element elementor-element-8fef874 e-flex e-con-boxed ae-bg-gallery-type-default e-con e-parent\" data-id=\"8fef874\" data-element_type=\"container\" data-settings=\"{&quot;ekit_has_onepagescroll_dot&quot;:&quot;yes&quot;}\">\n\t\t\t\t\t<div class=\"e-con-inner\">\n\t\t\t\t<div class=\"elementor-element elementor-element-2c54086 elementor-widget elementor-widget-text-editor\" data-id=\"2c54086\" data-element_type=\"widget\" data-settings=\"{&quot;ekit_we_effect_on&quot;:&quot;none&quot;}\" data-widget_type=\"text-editor.default\">\n\t\t\t\t<div class=\"elementor-widget-container\">\n\t\t\t\t\t\t\t\t\t<p>Ao aceder ao s\u00edtio web do ISQ Academy ou a qualquer conte\u00fado que nele se encontre, o utilizador aceita os termos e condi\u00e7\u00f5es que se apresentam abaixo.<\/p><p>Os conte\u00fados e design deste s\u00edtio s\u00e3o propriedade do ISQ. Todos os direitos est\u00e3o reservados.<br \/>O software, imagens, gr\u00e1ficos, videos ou outro material contido nas p\u00e1ginas deste portal s\u00e3o protegidos nacional e internacionalmente pelas disposi\u00e7\u00f5es aplic\u00e1veis em mat\u00e9ria de direitos de autor e de propriedade industrial, pelo que qualquer utiliza\u00e7\u00e3o desses materiais s\u00f3 poder\u00e1 ocorrer ao abrigo de autoriza\u00e7\u00e3o do ISQ.<br \/>A informa\u00e7\u00e3o retirada deste portal n\u00e3o pode ser alterada ou distorcida. O ISQ declina qualquer responsabilidade pelo seu uso indevido.<br \/>O utilizador n\u00e3o poder\u00e1 usar ou reproduzir o nome &#8220;ISQ&#8221; e o respetivo log\u00f3tipo ou criar links para <a class=\"link-dark\" href=\"http:\/\/www.isq-group.com\/\" target=\"_blank\" rel=\"noopener\">www.isq-group.com<\/a> sem autoriza\u00e7\u00e3o escrita do ISQ.<br \/>Em qualquer momento o ISQ tem o direito de modificar, sem aviso pr\u00e9vio, designadamente o design, a apresenta\u00e7\u00e3o, a estrutura e os conte\u00fados, bem como as condi\u00e7\u00f5es de utiliza\u00e7\u00e3o deste sitio.<br \/>N\u00e3o obstante as medidas de seguran\u00e7a adotadas e o cuidado posto na elabora\u00e7\u00e3o da informa\u00e7\u00e3o disponibilizada neste portal, o ISQ n\u00e3o pode garantir que os conte\u00fados, software, produtos e servi\u00e7os deste s\u00edtio estejam isentos de erros ou falhas t\u00e9cnicas, n\u00e3o podendo ser garantida a sua n\u00e3o interrup\u00e7\u00e3o ou perturba\u00e7\u00e3o devido a tais problemas.<br \/>O ISQ declina qualquer responsabilidade por eventuais danos ou problemas que possam surgir na sequ\u00eancia da utiliza\u00e7\u00e3o deste s\u00edtio ou de quaisquer outros servi\u00e7os ou sites externos a ele ligados.<br \/>Este sitio disp\u00f5e de links externos sobre os quais o ISQ n\u00e3o tem qualquer controlo e pelos quais n\u00e3o assume qualquer responsabilidade.<\/p>\t\t\t\t\t\t\t\t<\/div>\n\t\t\t\t<\/div>\n\t\t\t\t\t<\/div>\n\t\t\t\t<\/div>\n\t\t\t\t<\/div>","protected":false},"excerpt":{"rendered":"<p>Ao aceder ao s\u00edtio web do ISQ Academy ou a qualquer conte\u00fado que nele se encontre, o utilizador aceita os termos e condi\u00e7\u00f5es que se apresentam abaixo. Os conte\u00fados e design deste s\u00edtio s\u00e3o propriedade do ISQ. Todos os direitos est\u00e3o reservados.O software, imagens, gr\u00e1ficos, videos ou outro material contido nas p\u00e1ginas deste portal s\u00e3o [&hellip;]<\/p>","protected":false},"author":8,"featured_media":0,"parent":0,"menu_order":0,"comment_status":"closed","ping_status":"closed","template":"","meta":{"_acf_changed":false,"footnotes":""},"class_list":["post-5944","page","type-page","status-publish","hentry"],"acf":[],"yoast_head":"<!-- This site is optimized with the Yoast SEO Premium plugin v25.8 (Yoast SEO v25.8) - https:\/\/yoast.com\/wordpress\/plugins\/seo\/ -->\n<title>Termos de Uso - ISQ Academy<\/title>\n<meta name=\"robots\" content=\"index, follow, max-snippet:-1, max-image-preview:large, max-video-preview:-1\" \/>\n<link rel=\"canonical\" href=\"https:\/\/academy.isq.pt\/en_gb\/termos-de-uso\/\" \/>\n<meta property=\"og:locale\" content=\"en_GB\" \/>\n<meta property=\"og:type\" content=\"article\" \/>\n<meta property=\"og:title\" content=\"Termos de Uso\" \/>\n<meta property=\"og:description\" content=\"Ao aceder ao s\u00edtio web do ISQ Academy ou a qualquer conte\u00fado que nele se encontre, o utilizador aceita os termos e condi\u00e7\u00f5es que se apresentam abaixo. Os conte\u00fados e design deste s\u00edtio s\u00e3o propriedade do ISQ. Todos os direitos est\u00e3o reservados.O software, imagens, gr\u00e1ficos, videos ou outro material contido nas p\u00e1ginas deste portal s\u00e3o [&hellip;]\" \/>\n<meta property=\"og:url\" content=\"https:\/\/academy.isq.pt\/en_gb\/termos-de-uso\/\" \/>\n<meta property=\"og:site_name\" content=\"ISQ Academy\" \/>\n<meta property=\"article:modified_time\" content=\"2025-12-23T14:26:28+00:00\" \/>\n<meta name=\"twitter:card\" content=\"summary_large_image\" \/>\n<meta name=\"twitter:label1\" content=\"Estimated reading time\" \/>\n\t<meta name=\"twitter:data1\" content=\"2 minutes\" \/>\n<script type=\"application\/ld+json\" class=\"yoast-schema-graph\">{\"@context\":\"https:\/\/schema.org\",\"@graph\":[{\"@type\":\"WebPage\",\"@id\":\"https:\/\/academy.isq.pt\/termos-de-uso\/\",\"url\":\"https:\/\/academy.isq.pt\/termos-de-uso\/\",\"name\":\"Termos de Uso - ISQ Academy\",\"isPartOf\":{\"@id\":\"https:\/\/academy.isq.pt\/#website\"},\"datePublished\":\"2025-12-23T14:13:11+00:00\",\"dateModified\":\"2025-12-23T14:26:28+00:00\",\"breadcrumb\":{\"@id\":\"https:\/\/academy.isq.pt\/termos-de-uso\/#breadcrumb\"},\"inLanguage\":\"en-GB\",\"potentialAction\":[{\"@type\":\"ReadAction\",\"target\":[\"https:\/\/academy.isq.pt\/termos-de-uso\/\"]}]},{\"@type\":\"BreadcrumbList\",\"@id\":\"https:\/\/academy.isq.pt\/termos-de-uso\/#breadcrumb\",\"itemListElement\":[{\"@type\":\"ListItem\",\"position\":1,\"name\":\"Home\",\"item\":\"https:\/\/academy.isq.pt\/\"},{\"@type\":\"ListItem\",\"position\":2,\"name\":\"Termos de Uso\"}]},{\"@type\":\"WebSite\",\"@id\":\"https:\/\/academy.isq.pt\/#website\",\"url\":\"https:\/\/academy.isq.pt\/\",\"name\":\"ISQ Academy\",\"description\":\"A Sua Academia para a Tecnologia e para as Pessoas.\",\"publisher\":{\"@id\":\"https:\/\/academy.isq.pt\/#organization\"},\"potentialAction\":[{\"@type\":\"SearchAction\",\"target\":{\"@type\":\"EntryPoint\",\"urlTemplate\":\"https:\/\/academy.isq.pt\/?s={search_term_string}\"},\"query-input\":{\"@type\":\"PropertyValueSpecification\",\"valueRequired\":true,\"valueName\":\"search_term_string\"}}],\"inLanguage\":\"en-GB\"},{\"@type\":\"Organization\",\"@id\":\"https:\/\/academy.isq.pt\/#organization\",\"name\":\"ISQ Academy\",\"url\":\"https:\/\/academy.isq.pt\/\",\"logo\":{\"@type\":\"ImageObject\",\"inLanguage\":\"en-GB\",\"@id\":\"https:\/\/academy.isq.pt\/#\/schema\/logo\/image\/\",\"url\":\"https:\/\/academy.isq.pt\/wp-content\/uploads\/2025\/03\/isqlogo.svg\",\"contentUrl\":\"https:\/\/academy.isq.pt\/wp-content\/uploads\/2025\/03\/isqlogo.svg\",\"width\":800,\"height\":800,\"caption\":\"ISQ Academy\"},\"image\":{\"@id\":\"https:\/\/academy.isq.pt\/#\/schema\/logo\/image\/\"}}]}<\/script>\n<!-- \/ Yoast SEO Premium plugin. -->","yoast_head_json":{"title":"Termos de Uso - ISQ Academy","robots":{"index":"index","follow":"follow","max-snippet":"max-snippet:-1","max-image-preview":"max-image-preview:large","max-video-preview":"max-video-preview:-1"},"canonical":"https:\/\/academy.isq.pt\/en_gb\/termos-de-uso\/","og_locale":"en_GB","og_type":"article","og_title":"Termos de Uso","og_description":"Ao aceder ao s\u00edtio web do ISQ Academy ou a qualquer conte\u00fado que nele se encontre, o utilizador aceita os termos e condi\u00e7\u00f5es que se apresentam abaixo. Os conte\u00fados e design deste s\u00edtio s\u00e3o propriedade do ISQ. Todos os direitos est\u00e3o reservados.O software, imagens, gr\u00e1ficos, videos ou outro material contido nas p\u00e1ginas deste portal s\u00e3o [&hellip;]","og_url":"https:\/\/academy.isq.pt\/en_gb\/termos-de-uso\/","og_site_name":"ISQ Academy","article_modified_time":"2025-12-23T14:26:28+00:00","twitter_card":"summary_large_image","twitter_misc":{"Estimated reading time":"2 minutes"},"schema":{"@context":"https:\/\/schema.org","@graph":[{"@type":"WebPage","@id":"https:\/\/academy.isq.pt\/termos-de-uso\/","url":"https:\/\/academy.isq.pt\/termos-de-uso\/","name":"Termos de Uso - ISQ Academy","isPartOf":{"@id":"https:\/\/academy.isq.pt\/#website"},"datePublished":"2025-12-23T14:13:11+00:00","dateModified":"2025-12-23T14:26:28+00:00","breadcrumb":{"@id":"https:\/\/academy.isq.pt\/termos-de-uso\/#breadcrumb"},"inLanguage":"en-GB","potentialAction":[{"@type":"ReadAction","target":["https:\/\/academy.isq.pt\/termos-de-uso\/"]}]},{"@type":"BreadcrumbList","@id":"https:\/\/academy.isq.pt\/termos-de-uso\/#breadcrumb","itemListElement":[{"@type":"ListItem","position":1,"name":"Home","item":"https:\/\/academy.isq.pt\/"},{"@type":"ListItem","position":2,"name":"Termos de Uso"}]},{"@type":"WebSite","@id":"https:\/\/academy.isq.pt\/#website","url":"https:\/\/academy.isq.pt\/","name":"ISQ Academy","description":"A Sua Academia para a Tecnologia e para as Pessoas.","publisher":{"@id":"https:\/\/academy.isq.pt\/#organization"},"potentialAction":[{"@type":"SearchAction","target":{"@type":"EntryPoint","urlTemplate":"https:\/\/academy.isq.pt\/?s={search_term_string}"},"query-input":{"@type":"PropertyValueSpecification","valueRequired":true,"valueName":"search_term_string"}}],"inLanguage":"en-GB"},{"@type":"Organization","@id":"https:\/\/academy.isq.pt\/#organization","name":"ISQ Academy","url":"https:\/\/academy.isq.pt\/","logo":{"@type":"ImageObject","inLanguage":"en-GB","@id":"https:\/\/academy.isq.pt\/#\/schema\/logo\/image\/","url":"https:\/\/academy.isq.pt\/wp-content\/uploads\/2025\/03\/isqlogo.svg","contentUrl":"https:\/\/academy.isq.pt\/wp-content\/uploads\/2025\/03\/isqlogo.svg","width":800,"height":800,"caption":"ISQ Academy"},"image":{"@id":"https:\/\/academy.isq.pt\/#\/schema\/logo\/image\/"}}]}},"_links":{"self":[{"href":"https:\/\/academy.isq.pt\/en_gb\/wp-json\/wp\/v2\/pages\/5944","targetHints":{"allow":["GET"]}}],"collection":[{"href":"https:\/\/academy.isq.pt\/en_gb\/wp-json\/wp\/v2\/pages"}],"about":[{"href":"https:\/\/academy.isq.pt\/en_gb\/wp-json\/wp\/v2\/types\/page"}],"author":[{"embeddable":true,"href":"https:\/\/academy.isq.pt\/en_gb\/wp-json\/wp\/v2\/users\/8"}],"replies":[{"embeddable":true,"href":"https:\/\/academy.isq.pt\/en_gb\/wp-json\/wp\/v2\/comments?post=5944"}],"version-history":[{"count":10,"href":"https:\/\/academy.isq.pt\/en_gb\/wp-json\/wp\/v2\/pages\/5944\/revisions"}],"predecessor-version":[{"id":5956,"href":"https:\/\/academy.isq.pt\/en_gb\/wp-json\/wp\/v2\/pages\/5944\/revisions\/5956"}],"wp:attachment":[{"href":"https:\/\/academy.isq.pt\/en_gb\/wp-json\/wp\/v2\/media?parent=5944"}],"curies":[{"name":"wp","href":"https:\/\/api.w.org\/{rel}","templated":true}]}}